{"id":2825,"date":"2023-03-23T16:32:34","date_gmt":"2023-03-23T16:32:34","guid":{"rendered":"https:\/\/fashion-redesign.com\/aviso-legal\/"},"modified":"2024-09-09T17:19:52","modified_gmt":"2024-09-09T17:19:52","slug":"legal-notice","status":"publish","type":"page","link":"https:\/\/fashion-redesign.com\/en\/legal-notice\/","title":{"rendered":"Legal notice"},"content":{"rendered":"\t\t<div data-elementor-type=\"wp-page\" data-elementor-id=\"2825\" class=\"elementor elementor-2825 elementor-1759\" data-elementor-post-type=\"page\">\n\t\t\t\t\t\t<section class=\"elementor-section elementor-top-section elementor-element elementor-element-66d9cf78 elementor-section-boxed elementor-section-height-default elementor-section-height-default\" data-id=\"66d9cf78\" data-element_type=\"section\" data-e-type=\"section\">\n\t\t\t\t\t\t<div class=\"elementor-container elementor-column-gap-default\">\n\t\t\t\t\t<div class=\"elementor-column elementor-col-100 elementor-top-column elementor-element elementor-element-40115fdd\" data-id=\"40115fdd\" data-element_type=\"column\" data-e-type=\"column\">\n\t\t\t<div class=\"elementor-widget-wrap elementor-element-populated\">\n\t\t\t\t\t\t<div class=\"elementor-element elementor-element-73117b23 elementor-widget elementor-widget-text-editor\" data-id=\"73117b23\" data-element_type=\"widget\" data-e-type=\"widget\" data-widget_type=\"text-editor.default\">\n\t\t\t\t<div class=\"elementor-widget-container\">\n\t\t\t\t\t\t\t\t\t\n<h2><strong>Marca registrada Fashion Redesign<\/strong><\/h2>\n\n<ol>\n<li><strong>Fashion Redesign<\/strong> es una marca registrada en la Oficina de Propiedad Intelectual del Reino Unido con el n\u00famero <strong>UK00003578253<\/strong> bajo la \u00fanica titularidad de Adriana Margarita Ruiz Vel\u00e1squez. Nuestra marca y logotipo est\u00e1n protegidos legalmente y cualquier infracci\u00f3n ser\u00e1 denunciada, perseguida y reclamada contra cualquier persona. <\/li>\n\n<li>La informaci\u00f3n proporcionada en cualquier informe, cursos, conferencias, simposio, webinars, presentaciones, diagramas y modelos de contratos proporcionados por Fashion Redesign se clasifican como propiedad intelectual de la Marca Fashion Redesign y est\u00e1 destinada exclusivamente para el uso del destinatario dirigido en cada materia en particular. Por lo tanto, cualquier contenido o recomendaci\u00f3n proporcionada por Fashion Redesign y personal autorizado durante el curso de este compromiso ser\u00e1 legalmente privilegiada y constituir\u00e1 la propiedad intelectual de Fashion Redesign. Queda prohibida cualquier difusi\u00f3n, distribuci\u00f3n, publicaci\u00f3n o copia de estos materiales sin el consentimiento por escrito de Fashion Redesign.  <\/li>\n\n<li>Si necesita m\u00e1s informaci\u00f3n, no dude en ponerse en contacto con nuestro responsable de protecci\u00f3n de datos en infofashionredesign@gmail.com<\/li>\n<\/ol>\n\t\t\t\t\t\t\t\t<\/div>\n\t\t\t\t<\/div>\n\t\t\t\t\t<\/div>\n\t\t<\/div>\n\t\t\t\t\t<\/div>\n\t\t<\/section>\n\t\t\t\t<\/div>\n\t\t","protected":false},"excerpt":{"rendered":"<p>Marca registrada Fashion Redesign Fashion Redesign es una marca registrada en la Oficina de Propiedad Intelectual del Reino Unido con el n\u00famero UK00003578253 bajo la \u00fanica titularidad de Adriana Margarita Ruiz Vel\u00e1squez. Nuestra marca y logotipo est\u00e1n protegidos legalmente y cualquier infracci\u00f3n ser\u00e1 denunciada, perseguida y reclamada contra cualquier persona. La informaci\u00f3n proporcionada en cualquier&hellip;&nbsp;<a href=\"https:\/\/fashion-redesign.com\/en\/legal-notice\/\" rel=\"bookmark\">Leer m\u00e1s \u00bb<span class=\"screen-reader-text\">Legal notice<\/span><\/a><\/p>\n","protected":false},"author":1,"featured_media":0,"parent":0,"menu_order":0,"comment_status":"closed","ping_status":"closed","template":"","meta":{"neve_meta_sidebar":"","neve_meta_container":"","neve_meta_enable_content_width":"","neve_meta_content_width":0,"neve_meta_title_alignment":"","neve_meta_author_avatar":"","neve_post_elements_order":"","neve_meta_disable_header":"","neve_meta_disable_footer":"","neve_meta_disable_title":"","neve_meta_reading_time":"","_themeisle_gutenberg_block_has_review":false,"footnotes":""},"class_list":["post-2825","page","type-page","status-publish","hentry"],"_links":{"self":[{"href":"https:\/\/fashion-redesign.com\/en\/wp-json\/wp\/v2\/pages\/2825","targetHints":{"allow":["GET"]}}],"collection":[{"href":"https:\/\/fashion-redesign.com\/en\/wp-json\/wp\/v2\/pages"}],"about":[{"href":"https:\/\/fashion-redesign.com\/en\/wp-json\/wp\/v2\/types\/page"}],"author":[{"embeddable":true,"href":"https:\/\/fashion-redesign.com\/en\/wp-json\/wp\/v2\/users\/1"}],"replies":[{"embeddable":true,"href":"https:\/\/fashion-redesign.com\/en\/wp-json\/wp\/v2\/comments?post=2825"}],"version-history":[{"count":8,"href":"https:\/\/fashion-redesign.com\/en\/wp-json\/wp\/v2\/pages\/2825\/revisions"}],"predecessor-version":[{"id":3554,"href":"https:\/\/fashion-redesign.com\/en\/wp-json\/wp\/v2\/pages\/2825\/revisions\/3554"}],"wp:attachment":[{"href":"https:\/\/fashion-redesign.com\/en\/wp-json\/wp\/v2\/media?parent=2825"}],"curies":[{"name":"wp","href":"https:\/\/api.w.org\/{rel}","templated":true}]}}